{"id":23,"date":"2017-05-24T16:56:28","date_gmt":"2017-05-24T19:56:28","guid":{"rendered":"http:\/\/glasgowcomex.com.br\/techouse\/?page_id=23"},"modified":"2017-08-08T10:24:09","modified_gmt":"2017-08-08T13:24:09","slug":"sobre","status":"publish","type":"page","link":"https:\/\/www.techouseinformatica.com.br\/site_wp\/sobre\/","title":{"rendered":"Sobre"},"content":{"rendered":"<h1 style=\"text-align: center;\"><strong>APRESENTA\u00c7\u00c3O<\/strong><\/h1>\n<p>A Techouse \u00e9 uma empresa criada a partir da iniciativa de profissionais atuantes na \u00e1rea de inform\u00e1tica e telecomunica\u00e7\u00f5es. No mercado desde 2000, seu quadro \u00e9 composto por profissionais com experi\u00eancia nas mais renomadas empresas nacionais. Com seu foco principal em Gest\u00e3o de Ti, Servidores Linux, Firewall e Banco de Dados e Windows Server.<\/p>\n<p>&nbsp;<\/p>\n<h1 style=\"text-align: center;\"><strong>FILOSOFIA<\/strong><\/h1>\n<p style=\"text-align: center;\">O ambiente da tecnologia da informa\u00e7\u00e3o \u00e9 extremamente din\u00e2mico. A Techouse atua de maneira a prover solu\u00e7\u00f5es de telecomunica\u00e7\u00f5es e inform\u00e1tica, atrav\u00e9s da comercializa\u00e7\u00e3o de projetos, implanta\u00e7\u00e3o e manuten\u00e7\u00e3o em diversas atividades, independente do porte da empresa.<br \/>\nNossa gama de produtos e servi\u00e7os est\u00e1 focada em otimizar o neg\u00f3cio do nosso cliente, por meio de solu\u00e7\u00f5es personalizadas e criativas.<br \/>\nNossa filosofia de trabalho est\u00e1 orientada para a presta\u00e7\u00e3o de servi\u00e7os t\u00e9cnicos de elevado padr\u00e3o, de forma personalizada e com a participa\u00e7\u00e3o dos donos em todos os projetos desenvolvidos.<br \/>\nEstamos comprometidos com a excel\u00eancia no p\u00f3s-venda.<\/p>\n<p>&nbsp;<\/p>\n<h1 style=\"text-align: center;\"><strong>LEMA<\/strong><\/h1>\n<p style=\"text-align: center;\">Simplicidade<br \/>\n\u2022<br \/>\nTranspar\u00eancia<br \/>\n\u2022<br \/>\nSeguran\u00e7a no neg\u00f3cio<br \/>\n\u2022<br \/>\nQualidade<br \/>\n\u2022<br \/>\nProdutividade<br \/>\n\u2022<br \/>\nRespeito pelo ser humano<br \/>\n\u2022<br \/>\nGest\u00e3o participativa<br \/>\n\u2022<br \/>\n\u00c9tica<\/p>\n<p>&nbsp;<\/p>\n","protected":false},"excerpt":{"rendered":"<div class=\"slide-text-bg2\"><span>APRESENTA\u00c7\u00c3O A Techouse \u00e9 uma empresa criada a partir da iniciativa de profissionais atuantes na \u00e1rea de inform\u00e1tica e telecomunica\u00e7\u00f5es. No mercado <\/span><\/div>\n<div class=\"slide-btn-area-sm\"><a href=\"https:\/\/www.techouseinformatica.com.br\/site_wp\/sobre\/\" class=\"slide-btn-sm\">Ler mais<\/a><\/div>\n","protected":false},"author":1,"featured_media":0,"parent":0,"menu_order":0,"comment_status":"closed","ping_status":"closed","template":"","meta":{"_joinchat":[],"footnotes":"","_links_to":"","_links_to_target":""},"class_list":["post-23","page","type-page","status-publish","hentry"],"_links":{"self":[{"href":"https:\/\/www.techouseinformatica.com.br\/site_wp\/wp-json\/wp\/v2\/pages\/23","targetHints":{"allow":["GET"]}}],"collection":[{"href":"https:\/\/www.techouseinformatica.com.br\/site_wp\/wp-json\/wp\/v2\/pages"}],"about":[{"href":"https:\/\/www.techouseinformatica.com.br\/site_wp\/wp-json\/wp\/v2\/types\/page"}],"author":[{"embeddable":true,"href":"https:\/\/www.techouseinformatica.com.br\/site_wp\/wp-json\/wp\/v2\/users\/1"}],"replies":[{"embeddable":true,"href":"https:\/\/www.techouseinformatica.com.br\/site_wp\/wp-json\/wp\/v2\/comments?post=23"}],"version-history":[{"count":11,"href":"https:\/\/www.techouseinformatica.com.br\/site_wp\/wp-json\/wp\/v2\/pages\/23\/revisions"}],"predecessor-version":[{"id":185,"href":"https:\/\/www.techouseinformatica.com.br\/site_wp\/wp-json\/wp\/v2\/pages\/23\/revisions\/185"}],"wp:attachment":[{"href":"https:\/\/www.techouseinformatica.com.br\/site_wp\/wp-json\/wp\/v2\/media?parent=23"}],"curies":[{"name":"wp","href":"https:\/\/api.w.org\/{rel}","templated":true}]}}