{"id":250,"date":"2017-08-09T14:03:12","date_gmt":"2017-08-09T17:03:12","guid":{"rendered":"http:\/\/www.techouseinformatica.com.br\/site_wp\/?page_id=250"},"modified":"2017-08-09T14:05:11","modified_gmt":"2017-08-09T17:05:11","slug":"comodato-de-impressoras","status":"publish","type":"page","link":"https:\/\/www.techouseinformatica.com.br\/site_wp\/comodato-de-impressoras\/","title":{"rendered":"Comodato de impressoras"},"content":{"rendered":"<h1 style=\"text-align: center;\"><strong>COMODATO DE IMPRESSORAS: \u00a0\u00a0\u00a0\u00a0<\/strong><\/h1>\n<h2 style=\"text-align: center;\"><strong> ( Empr\u00e9stimo de impressora )<\/strong><\/h2>\n<p>&nbsp;<\/p>\n<p><img loading=\"lazy\" decoding=\"async\" src=\"http:\/\/www.techouseinformatica.com.br\/tabelas\/outsourcing_de_impressao_arquivos\/image003.jpg\" alt=\"HP Color 3505n\" width=\"149\" height=\"167\" align=\"left\" \/>Impressora de ultima gera\u00e7\u00e3o instalada em sua empresa sem nenhum custo de aquisi\u00e7\u00e3o;<\/p>\n<p>Sua empresa paga somente o que imprimiu;<\/p>\n<p>Economia em compra de novos equipamentos e suprimentos;<\/p>\n<p>&nbsp;<\/p>\n<p>&nbsp;<\/p>\n<p>Comodato \u00e9 o empr\u00e9stimo de equipamentos ao cliente, sem custo, mediante um consumo m\u00ednimo mensal, por unidade de toner ou p\u00e1gina. Esta \u00e9 a solu\u00e7\u00e3o mais criativa de outsourcing de impress\u00e3o.<\/p>\n<p><img loading=\"lazy\" decoding=\"async\" src=\"http:\/\/www.techouseinformatica.com.br\/tabelas\/outsourcing_de_impressao_arquivos\/image005.jpg\" alt=\"comodato e outsourcing de impress\u00e3o\" width=\"192\" height=\"141\" align=\"left\" hspace=\"12\" \/><strong>Vis\u00e3o Tecnol\u00f3gica<\/strong><br \/>\nAtualiza\u00e7\u00e3o Tecnol\u00f3gica sem custo;<br \/>\nEconomia de papel (Recursos de impress\u00e3o Frente\/Verso e Multip\u00e1ginas);<br \/>\nQualidade de impress\u00e3o Laser;<br \/>\nC\u00f3pias e impress\u00f5es digitais;<br \/>\nVelocidade de impress\u00e3o;<\/p>\n<p>&nbsp;<\/p>\n<p><strong><img loading=\"lazy\" decoding=\"async\" class=\"\" src=\"http:\/\/www.techouseinformatica.com.br\/tabelas\/outsourcing_de_impressao_arquivos\/image006.jpg\" alt=\"comodato e outsourcing de impress\u00e3o\" width=\"276\" height=\"203\" align=\"left\" hspace=\"12\" \/>Vis\u00e3o Administrativa<\/strong><br \/>\n&#8211; Redu\u00e7\u00e3o dos custos de impress\u00e3o;<br \/>\n&#8211; Gerenciamento, controle e bilhetagem das impress\u00f5es por centro de custo;<br \/>\n&#8211; Elimina\u00e7\u00e3o do estoque de compras de insumos;<br \/>\n&#8211; Monitora\u00e7\u00e3o Remota, Opera\u00e7\u00e3o e Suporte pr\u00f3-ativos;<br \/>\n&#8211; Fim da deprecia\u00e7\u00e3o dos equipamentos;<br \/>\n&#8211; Redu\u00e7\u00e3o do TCO (Total Cost of Ownership);<br \/>\n&#8211; Manuten\u00e7\u00e3o e assist\u00eancia t\u00e9cnica inclusas nos projetos;<br \/>\n&#8211; Estrat\u00e9gias de back-up de equipamentos.<\/p>\n<p><em>(caso haja algum problema na impressora a mesma \u00e9 reparada ou substitu\u00edda prontamente) <\/em><\/p>\n<p>&nbsp;<\/p>\n<p>&nbsp;<\/p>\n<p>&nbsp;<\/p>\n<h2 style=\"text-align: center;\"><strong>BENEF\u00cdCIOS DA REENGENHARIA DE IMPRESS\u00c3O DA TECHOUSE EM SUA EMPRESA:\u00a0\u00a0<\/strong><\/h2>\n<p>&nbsp;<\/p>\n<p><strong>ESTRUTURA DO CEN\u00c1RIO ATUAL<\/strong><\/p>\n<p>Limita\u00e7\u00f5es normalmente encontradas<\/p>\n<p>A estrutura aqui apresentada \u00e9 um mero exemplo do que pode ser encontrado nas organiza\u00e7\u00f5es que ainda n\u00e3o passaram por um processo de reengenharia de impress\u00e3o.<\/p>\n<p><img loading=\"lazy\" decoding=\"async\" class=\"aligncenter\" src=\"http:\/\/www.techouseinformatica.com.br\/tabelas\/outsourcing_de_impressao_arquivos\/image007.gif\" alt=\"Outsourcing de impress\u00e3o, cenario atual\" width=\"400\" height=\"202\" border=\"0\" \/><\/p>\n<p>&nbsp;<\/p>\n<p>O fato das impressoras estarem conectadas via porta paralela, n\u00e3o possibilita gerenciamento remoto, ou seja, a qualquer parada ou falha \u00e9 necess\u00e1rio o deslocamento de um t\u00e9cnico de suporte, seja interno ou externo. O uso de impressoras compartilhadas, fora da rede, aumenta o trafego de informa\u00e7\u00f5es diminuindo a produtividade dos sistemas. Existe ainda a variedade de modelos e driver`s de impressoras, o que dificulta na hora da compra dos suprimentos ou na hora de atualizar os driver`s.<\/p>\n<p><strong>ESTRUTURA DO CEN\u00c1RIO SUGERIDO<\/strong><\/p>\n<p>Algumas solu\u00e7\u00f5es apresentadas<\/p>\n<p>Observe como pode-se tornar a rede mais eficaz e mais produtiva, aumentado o controle e gerenciamento.<\/p>\n<p><img loading=\"lazy\" decoding=\"async\" class=\"aligncenter\" src=\"http:\/\/www.techouseinformatica.com.br\/tabelas\/outsourcing_de_impressao_arquivos\/image008.gif\" alt=\"Solu\u00e7\u00e3o aplicada de Outsourcing de impress\u00e3o\" width=\"400\" height=\"185\" border=\"0\" \/><\/p>\n<p>&nbsp;<\/p>\n<p>Possibilita a redu\u00e7\u00e3o do n\u00famero de equipamentos, permite acesso e gerenciamento remoto dos equipamentos, podendo o departamento de suporte identificar e filtrar o problema antes de solicitar assist\u00eancia t\u00e9cnica ou pode ainda verificar que o problema \u00e9 simples, como a troca de suprimentos ou papel atolado. Sem sair de seu departamento, pode verificar todas essas informa\u00e7\u00f5es atrav\u00e9s do browser da internet<\/p>\n<p>&nbsp;<\/p>\n<p>&nbsp;<\/p>\n<h2 style=\"text-align: center;\"><\/h2>\n<h2 style=\"text-align: center;\">COMPARATIVOS DE OP\u00c7\u00d5ES DE IMPRESS\u00c3O<\/h2>\n<p>&nbsp;<\/p>\n<p>Voc\u00ea busca redu\u00e7\u00e3o de custos de impress\u00e3o para sua empresa sem perder qualidade ?<\/p>\n<p>Analise a compara\u00e7\u00e3o abaixo:<\/p>\n<table class=\" aligncenter\" width=\"1563\">\n<tbody>\n<tr>\n<td width=\"189\"><strong>Op\u00e7\u00f5es:<\/strong><\/td>\n<td width=\"329\"><strong>Impressora HP Multifuncional 3050<\/strong><\/td>\n<td width=\"329\"><strong>Impressora HP Multifuncional Laser M1132<\/strong><\/td>\n<td width=\"325\"><strong>Impressora HP Multifuncional Laser M1132 (utilizando toner recarregado)<\/strong><\/td>\n<td width=\"325\"><strong><u>Impressora em Comodato da Techouse<\/u><\/strong><\/td>\n<\/tr>\n<tr>\n<td width=\"189\">Custo Inicial<\/td>\n<td width=\"329\">Custo da Impressora: 270 reais<\/td>\n<td width=\"329\">Custo da Impressora: 690 reais<\/td>\n<td width=\"325\">Custo da Impressora: 690 reais<\/td>\n<td width=\"325\">Custo da Impressora: 0,00<\/td>\n<\/tr>\n<tr>\n<td width=\"189\">Custo de impress\u00e3o por pagina<\/td>\n<td width=\"329\"><strong>R$ 0,25 <\/strong><\/p>\n<p>(Considerando Cartucho HP122 Original 29,90 \/ rendimento anunciado: 120 pag.)<\/td>\n<td width=\"329\"><strong>R$ 0,12 <\/strong><\/p>\n<p>(Considerando Toner HP85a Original 180,00 \/ rendimento anunciado: 1500 pag.)<\/td>\n<td width=\"325\"><strong>R$ 0,075 <\/strong><\/p>\n<p>(Considerando Toner HP85a Original 90,00 \/ rendimento anunciado: 1500 pag. \/ e 1 Toner novo a cada 3 recargas)<\/td>\n<td width=\"325\"><strong>R$ 0,07<\/strong><\/p>\n<p>(n\u00e3o h\u00e1 mais nenhum considera\u00e7\u00e3o, o custo para o cliente \u00e9 de 7 centavos por pagina, e nada mais)<\/td>\n<\/tr>\n<tr>\n<td width=\"189\">Vantagens \/ Desvantagens<\/td>\n<td width=\"329\"><strong>&#8211; <\/strong>Impressora de baixo custo, (apenas 270 reais)<\/p>\n<p>&#8211; Alto custo de impress\u00e3o<\/p>\n<p>&#8211; Baixa velocidade de impress\u00e3o<\/p>\n<p>&#8211; Recomendada para utiliza\u00e7\u00e3o em residencias, ou escrit\u00f3rios com pouco fluxo de impress\u00e3o.<\/td>\n<td width=\"329\">&#8211; \u00d3tima qualidade de impress\u00e3o (Toner original)<\/p>\n<p>&#8211; N\u00e3o tem op\u00e7\u00e3o de impress\u00e3o Frente Verso, Scanner em rede.<\/p>\n<p>&#8211; Velocidade de apenas 19 pmm<\/p>\n<p><strong><u>\u00a0<\/u><\/strong><\/td>\n<td width=\"325\">&#8211; N\u00e3o tem a mesma qualidade de impress\u00e3o,<\/p>\n<p>&#8211; Geralmente a cada 3 recargas, \u00e9 necessario comprar um toner novo\u00a0\u00a0\u00a0\u00a0\u00a0\u00a0\u00a0\u00a0\u00a0\u00a0\u00a0 (180 reais \u00e0 cada 3 recargas)<\/p>\n<p>&#8211; Aumenta consideravelmente a manuten\u00e7\u00e3o da impressora, alem de diminuir a vida util da mesma<\/p>\n<p>&#8211; Necessita de um estoque de toner, pois a recarga do toner em geral n\u00e3o \u00e9 feita na mesma hora.<\/p>\n<p>&#8211; Para n\u00e3o correr o risco de ficar sem impressora na empresa, o cliente precisa ter 2 impressoras (uma de backup)<\/p>\n<p>&#8211; O cliente n\u00e3o disp\u00f5em de esc\u00e2ner em rede, impress\u00e3o frente e verso, e manuten\u00e7\u00e3o gratuita na impressora.<\/p>\n<p>&#8211; Eventualmente toners recarregados n\u00e3o tem o mesmo rendimento e podem vazar ou parar de funcionar .<\/td>\n<td width=\"325\">&#8211; \u00d3tima qualidade de impress\u00e3o<\/p>\n<p>&#8211; Recurso de impress\u00e3o Frente Verso , Scanner em rede, impressora em Rede<\/p>\n<p>&#8211; Velocidade de at\u00e9 32 pmm<\/p>\n<p>&#8211; N\u00e3o precisa adquirir Toner nem impressora de Backup<\/p>\n<p>&#8211; Manuten\u00e7\u00e3o e suporte para a impressora sem nenhum para o cliente.<\/p>\n<p>&#8211; Relat\u00f3rio mensal com numero de paginas impressas e com isso um melhor controle de custo de impress\u00e3o.<\/p>\n<p>&#8211; A op\u00e7\u00e3o de impress\u00e3o frente e verso, al\u00e9m de ser ecologicamente mais correto, traz uma grande economia em papel<\/p>\n<p><strong><u>\u00a0<\/u><\/strong><\/td>\n<\/tr>\n<tr>\n<td width=\"189\"><strong>RESUMO<\/strong><\/td>\n<td width=\"329\"><strong><u>Investimento Inicial: R$ 540,00<\/u> *<\/strong><\/p>\n<p><strong><u>Custo por pagina impressa: 25 centavos<\/u><\/strong><\/p>\n<p>Ap\u00f3s vida \u00fatil da impressora \u00e9 necess\u00e1rio nova aquisi\u00e7\u00e3o<\/p>\n<p>&nbsp;<\/p>\n<p><strong>\u00a0<\/strong><\/td>\n<td width=\"329\"><strong><u>Investimento Inicial: 1.380,00<\/u> *<\/strong><\/p>\n<p><strong><u>Custo por pagina impressa: 12 centavos<\/u><\/strong><\/p>\n<p>Ap\u00f3s vida \u00fatil da impressora \u00e9 necess\u00e1rio nova aquisi\u00e7\u00e3o<\/p>\n<p>&nbsp;<\/p>\n<p>&nbsp;<\/td>\n<td width=\"325\"><strong><u>Investimento Inicial: 1.380,00<\/u> *<\/strong><\/p>\n<p><strong><u>Custo por pagina impressa: 7,5 centavos <\/u><\/strong><\/p>\n<p>(Custo com toner novo a cada 3 recargas, onera o custo por pagina impressa em 1,5 centavos)<\/p>\n<p>Ap\u00f3s vida \u00fatil da impressora \u00e9 necess\u00e1rio nova aquisi\u00e7\u00e3o<\/td>\n<td width=\"325\"><strong><u>Investimento Inicial: 0,00<\/u><\/strong><\/p>\n<p><strong><u>Custo por pagina impressa: 7 centavos <\/u><\/strong><\/p>\n<p>Ap\u00f3s vida \u00fatil da impressora a mesma \u00e9 substitu\u00edda sem nenhum custo<\/p>\n<p>(necessita imprimir no m\u00ednimo 3500 paginas no mes)<\/td>\n<\/tr>\n<\/tbody>\n<\/table>\n<p style=\"text-align: left;\">* Em um ambiente onde h\u00e1 necessidade de uma impressora sempre dispon\u00edvel (emiss\u00e3o de NFe \/ Boletos \/ Relat\u00f3rios), recomenda-se a aquisi\u00e7\u00e3o de uma impressora de Backup<\/p>\n<p style=\"text-align: left;\">Entre em contato com nosso depto de Vendas e agende uma visita .<\/p>\n","protected":false},"excerpt":{"rendered":"<div class=\"slide-text-bg2\"><span>COMODATO DE IMPRESSORAS: \u00a0\u00a0\u00a0\u00a0 ( Empr\u00e9stimo de impressora ) &nbsp; Impressora de ultima gera\u00e7\u00e3o instalada em sua empresa sem nenhum custo de aquisi\u00e7<\/span><\/div>\n<div class=\"slide-btn-area-sm\"><a href=\"https:\/\/www.techouseinformatica.com.br\/site_wp\/comodato-de-impressoras\/\" class=\"slide-btn-sm\">Ler mais<\/a><\/div>\n","protected":false},"author":1,"featured_media":0,"parent":0,"menu_order":0,"comment_status":"closed","ping_status":"closed","template":"","meta":{"_joinchat":[],"footnotes":"","_links_to":"","_links_to_target":""},"class_list":["post-250","page","type-page","status-publish","hentry"],"_links":{"self":[{"href":"https:\/\/www.techouseinformatica.com.br\/site_wp\/wp-json\/wp\/v2\/pages\/250","targetHints":{"allow":["GET"]}}],"collection":[{"href":"https:\/\/www.techouseinformatica.com.br\/site_wp\/wp-json\/wp\/v2\/pages"}],"about":[{"href":"https:\/\/www.techouseinformatica.com.br\/site_wp\/wp-json\/wp\/v2\/types\/page"}],"author":[{"embeddable":true,"href":"https:\/\/www.techouseinformatica.com.br\/site_wp\/wp-json\/wp\/v2\/users\/1"}],"replies":[{"embeddable":true,"href":"https:\/\/www.techouseinformatica.com.br\/site_wp\/wp-json\/wp\/v2\/comments?post=250"}],"version-history":[{"count":3,"href":"https:\/\/www.techouseinformatica.com.br\/site_wp\/wp-json\/wp\/v2\/pages\/250\/revisions"}],"predecessor-version":[{"id":254,"href":"https:\/\/www.techouseinformatica.com.br\/site_wp\/wp-json\/wp\/v2\/pages\/250\/revisions\/254"}],"wp:attachment":[{"href":"https:\/\/www.techouseinformatica.com.br\/site_wp\/wp-json\/wp\/v2\/media?parent=250"}],"curies":[{"name":"wp","href":"https:\/\/api.w.org\/{rel}","templated":true}]}}