{"id":347,"date":"2020-12-10T07:51:25","date_gmt":"2020-12-10T10:51:25","guid":{"rendered":"http:\/\/www.techouseinformatica.com.br\/site_wp\/?page_id=347"},"modified":"2026-03-31T14:15:17","modified_gmt":"2026-03-31T17:15:17","slug":"tabela-de-hospedagem-site-e-emails","status":"publish","type":"page","link":"https:\/\/www.techouseinformatica.com.br\/site_wp\/tabela-de-hospedagem-site-e-emails\/","title":{"rendered":"Tabela de hospedagem Sites e Emails"},"content":{"rendered":"\n<p>PAINEL CPANEL OU DIRECTADMIN<\/p>\n\n\n<table style=\"height: 289px;\" width=\"883\">\n<tbody>\n<tr>\n<td width=\"175\"><strong>Planos de Hospedagem<\/strong><\/td>\n<td width=\"67\"><strong>Especial<\/strong><\/td>\n<td width=\"67\"><strong>Premium<\/strong><\/td>\n<td width=\"80\"><strong>Profissional<\/strong><\/td>\n<td width=\"87\"><strong>Profissional2<\/strong><\/td>\n<td width=\"110\"><strong>Profissional Plus<\/strong><\/td>\n<td width=\"137\"><strong>Semi Dedicado Linux<\/strong><\/td>\n<\/tr>\n<tr>\n<td>Espa\u00e7o em disco<\/td>\n<td>500 Mb<\/td>\n<td>2 Gb<\/td>\n<td>3 Gb<\/td>\n<td>5 Gb<\/td>\n<td>7 Gb<\/td>\n<td>10 Gb<\/td>\n<\/tr>\n<tr>\n<td>Tx de Transfer\u00eancia mensal<\/td>\n<td>2 Gb<\/td>\n<td>5 Gb<\/td>\n<td>10 Gb<\/td>\n<td>15 Gb<\/td>\n<td>50 Gb<\/td>\n<td>100 Gb<\/td>\n<\/tr>\n<tr>\n<td>Banco de Dados<\/td>\n<td>\u00a0\u2013<\/td>\n<td>at\u00e9 5 bases<\/td>\n<td>at\u00e9 10 bases<\/td>\n<td>at\u00e9 10 bases<\/td>\n<td>at\u00e9 10 bases<\/td>\n<td>at\u00e9 30 bases<\/td>\n<\/tr>\n<tr>\n<td>Contas de email<\/td>\n<td>10<\/td>\n<td>20<\/td>\n<td>30<\/td>\n<td>40<\/td>\n<td>50<\/td>\n<td>100<\/td>\n<\/tr>\n<tr>\n<td width=\"175\">Pre\u00e7o Mensal\u00a0 (Pagto:mensais\/semestrais\/anuais)<\/td>\n<td>\u00a0R$34,90<\/td>\n<td>\u00a0R$ 51,90<\/td>\n<td>\u00a0R$ 61,90<\/td>\n<td>\u00a0R$ 83,90<\/td>\n<td>\u00a0R$ 138,90<\/td>\n<td>\n<p>\u00a0R$448,00<\/p>\n<\/td>\n<\/tr>\n<tr>\n<td width=\"175\">Anti-Spam SPFBL (opcional)<\/td>\n<td width=\"67\">R$ 6,90<\/td>\n<td width=\"67\">R$ 13,90<\/td>\n<td width=\"80\">R$ 20,90<\/td>\n<td width=\"87\">R$ 27,90<\/td>\n<td width=\"110\">R$ 34,90<\/td>\n<td width=\"137\">Consultar<\/td>\n<\/tr>\n<\/tbody>\n<\/table>\n<p><strong>Diferenciais da Hospedagem Techouse<\/strong><\/p>\n<p>\u2013 Monitoramento 24\u00d77<br \/>\u2013 Setup: R$ 45,00<br \/>\u2013 Setup gratuito para Planos: Profissional Plus e Semi Dedicado<br \/>\u2013 Ativa\u00e7\u00e3o imediata<\/p>\n<p><strong><span style=\"color: revert; font-size: revert;\">Servi\u00e7o Opcional de Congelamento de website<\/span><\/strong><\/p>\n<p>Com este recurso opcional, o cliente consegue proteger o site contra qualquer tipo de modifica\u00e7\u00e3o na estrutura de arquivos do site, dando assim mais uma seguran\u00e7a contra invas\u00f5es, comuns em sites wordpress<\/p>\n<table width=\"723\">\n<tbody>\n<tr>\n<td width=\"175\">\u00a0<\/td>\n<td width=\"67\">\u00a0<\/td>\n<td width=\"67\">\u00a0<\/td>\n<td width=\"80\">\u00a0<\/td>\n<td width=\"87\">\u00a0<\/td>\n<td width=\"110\">\u00a0<\/td>\n<td width=\"137\">\u00a0<\/td>\n<\/tr>\n<tr>\n<td>Custo adicional mensal<\/td>\n<td>R$ 45,00<\/td>\n<td>\u00a0<\/td>\n<td>\u00a0<\/td>\n<td>\u00a0<\/td>\n<td>\u00a0<\/td>\n<td>\u00a0<\/td>\n<\/tr>\n<\/tbody>\n<\/table>\n<p>\u2013 Setup de ativa\u00e7\u00e3o: R$ 40,00.<\/p>\n<h1>Planos (opcional) com Servi\u00e7o de email Skymail<\/h1>\n<table width=\"759\">\n<tbody>\n<tr>\n<td width=\"136\">Planos de Hospedagem<\/td>\n<td width=\"126\">Sky-Lite\u00a0<\/td>\n<td width=\"122\">Sky-Bronze<\/td>\n<td width=\"125\">Sky-Prata<\/td>\n<td width=\"125\">Sky-Ouro<\/td>\n<td width=\"125\">Sky-Pro<\/td>\n<\/tr>\n<tr>\n<td width=\"136\">Espa\u00e7o em disco<br \/>(p\/ cada conta)<\/td>\n<td>5Gb (Total:_25Gb)<\/td>\n<td>5Gb (Total:_50Gb)<\/td>\n<td>5Gb (Total:_100Gb)<\/td>\n<td>5Gb (Total:_150Gb)<\/td>\n<td>5Gb (Total:_200Gb)<\/td>\n<\/tr>\n<tr>\n<td>Contas de email<\/td>\n<td>5<\/td>\n<td>10<\/td>\n<td>20<\/td>\n<td>30<\/td>\n<td>40<\/td>\n<\/tr>\n<tr>\n<td width=\"136\">Skybox (servi\u00e7o compartilhamento de arquivos) (p\/ cada conta)<\/td>\n<td width=\"126\">1Gb (Total:_5Gb)\u00a0<\/td>\n<td width=\"122\">1Gb (Total:_10Gb)\u00a0<\/td>\n<td width=\"125\">1Gb (Total:_20Gb)\u00a0<\/td>\n<td width=\"125\">1Gb (Total:_30Gb)\u00a0<\/td>\n<td width=\"125\">1Gb (Total:_40Gb)\u00a0<\/td>\n<\/tr>\n<tr>\n<td>Backup dos Emails:<\/td>\n<td>30 dias<\/td>\n<td>30 dias<\/td>\n<td>30 dias<\/td>\n<td>30 dias<\/td>\n<td>30 dias<\/td>\n<\/tr>\n<tr>\n<td>AntiSpam Premium<\/td>\n<td>Incluso<\/td>\n<td>Incluso<\/td>\n<td>Incluso<\/td>\n<td>Incluso<\/td>\n<td>Incluso<\/td>\n<\/tr>\n<tr>\n<td width=\"136\">Pre\u00e7o Mensal\u00a0 (Pagto:mensais\/semestrais\/anuais)<\/td>\n<td>R$ 84,00<\/td>\n<td>R$ 154,00<\/td>\n<td>R$ 259,00<\/td>\n<td>R$ 364,00<\/td>\n<td>R$ 455,00<\/td>\n<\/tr>\n<\/tbody>\n<\/table>\n<p><strong>Adicionais Opcionais p\/ Skymail:<\/strong><\/p>\n<table width=\"614\">\n<tbody>\n<tr>\n<td width=\"477\">\u00a0<\/td>\n<td width=\"137\">\u00a0<\/td>\n<\/tr>\n<tr>\n<td width=\"477\">Skymail 5GB + Backup 30 dias + Skybox 1GB + Antispam Premium<\/td>\n<td width=\"137\">R$ 16,80<\/td>\n<\/tr>\n<tr>\n<td width=\"477\">Skymail 25GB + Backup 30 dias + Skybox 1GB + Antispam Premium<\/td>\n<td width=\"137\">R$ 25,00<\/td>\n<\/tr>\n<tr>\n<td width=\"477\">Skymail 50GB + Backup 30 dias + Skybox 5GB + Antispam Premium + TALK<\/td>\n<td width=\"137\">R$ 42,00<\/td>\n<\/tr>\n<tr>\n<td width=\"477\">Skymail 100GB + Backup 30 dias + Skybox 5GB + Antispam Premium + TALK<\/td>\n<td width=\"137\">R$ 84,00<\/td>\n<\/tr>\n<tr>\n<td width=\"477\">Skymail 200GB + Backup 30 dias + Skybox 5GB + Antispam Premium + TALK<\/td>\n<td width=\"137\">R$ 139,90<\/td>\n<\/tr>\n<tr>\n<td width=\"477\">Skybox 25 GB<\/td>\n<td width=\"137\">R$ 16,80<\/td>\n<\/tr>\n<tr>\n<td width=\"477\">Skybox 50 GB<\/td>\n<td width=\"137\">R$ 42,00<\/td>\n<\/tr>\n<tr>\n<td width=\"477\">Skybox 100 GB<\/td>\n<td width=\"137\">R$ 84,00<\/td>\n<\/tr>\n<tr>\n<td width=\"477\">Skybox 200 GB<\/td>\n<td width=\"137\">R$ 210,00<\/td>\n<\/tr>\n<tr>\n<td width=\"477\">Skybox 250 GB<\/td>\n<td width=\"137\">R$ 273,00<\/td>\n<\/tr>\n<tr>\n<td width=\"477\">Skybox 500 GB<\/td>\n<td width=\"137\">R$ 525,00<\/td>\n<\/tr>\n<tr>\n<td width=\"477\">Skybox 1 TB<\/td>\n<td width=\"137\">R$ 1.050,00<\/td>\n<\/tr>\n<tr>\n<td width=\"477\">Skybox 2 TB<\/td>\n<td width=\"137\">R$ 1.260,00<\/td>\n<\/tr>\n<tr>\n<td width=\"477\">Skybox 3 TB<\/td>\n<td width=\"137\">R$ 1.750,00<\/td>\n<\/tr>\n<tr>\n<td width=\"477\">Comunicador Talk add-on<\/td>\n<td width=\"137\">R$ 8,40<\/td>\n<\/tr>\n<tr>\n<td width=\"477\">\u00a0<\/td>\n<td>\u00a0<\/td>\n<\/tr>\n<\/tbody>\n<\/table>\n\n\n<p><\/p>\n\n\n\n<h1 class=\"wp-block-heading\">Planos (opcional) Servi\u00e7o de email MICROSOFT<\/h1>\n\n\n\n<p><strong>Planos Microsoft: (n\u00e3o inclui hospedagem de DNS nem website)<\/strong><\/p>\n\n\n\n<p><\/p>\n\n\n\n<figure class=\"wp-block-table\"><table class=\"has-fixed-layout\"><tbody><tr><td>Exchange Online (Apenas conta de email)<\/td><td>R$ 43,97 (valor p\/ cada conta de usu\u00e1rio)<\/td><\/tr><tr><td>Microsoft 365 Business Basic (uso do office no navegador) , Onedrive e Teams <\/td><td>R$ 54,91 (valor p\/ cada conta de usu\u00e1rio)<\/td><\/tr><tr><td>Microsoft 365 Business Standard (licen\u00e7a do Office instalado local no PC), Onedrive e Teams<\/td><td>R$ 137,47 (valor p\/ cada conta de usu\u00e1rio)<\/td><\/tr><tr><td><sub>* o servi\u00e7o de migra\u00e7\u00e3o ou ativa\u00e7\u00e3o da hospedagem na microsoft tem um custo de setup de 300reais + 30reais por conta criada<\/sub><\/td><td><\/td><\/tr><\/tbody><\/table><\/figure>\n","protected":false},"excerpt":{"rendered":"<div class=\"slide-text-bg2\"><span>PAINEL CPANEL OU DIRECTADMIN Planos de Hospedagem Especial Premium Profissional Profissional2 Profissional Plus Semi Dedicado Linux Espa\u00e7o em disco 500 Mb<\/span><\/div>\n<div class=\"slide-btn-area-sm\"><a href=\"https:\/\/www.techouseinformatica.com.br\/site_wp\/tabela-de-hospedagem-site-e-emails\/\" class=\"slide-btn-sm\">Ler mais<\/a><\/div>\n","protected":false},"author":1,"featured_media":0,"parent":0,"menu_order":0,"comment_status":"closed","ping_status":"closed","template":"","meta":{"_joinchat":[],"footnotes":"","_links_to":"","_links_to_target":""},"class_list":["post-347","page","type-page","status-publish","hentry"],"_links":{"self":[{"href":"https:\/\/www.techouseinformatica.com.br\/site_wp\/wp-json\/wp\/v2\/pages\/347","targetHints":{"allow":["GET"]}}],"collection":[{"href":"https:\/\/www.techouseinformatica.com.br\/site_wp\/wp-json\/wp\/v2\/pages"}],"about":[{"href":"https:\/\/www.techouseinformatica.com.br\/site_wp\/wp-json\/wp\/v2\/types\/page"}],"author":[{"embeddable":true,"href":"https:\/\/www.techouseinformatica.com.br\/site_wp\/wp-json\/wp\/v2\/users\/1"}],"replies":[{"embeddable":true,"href":"https:\/\/www.techouseinformatica.com.br\/site_wp\/wp-json\/wp\/v2\/comments?post=347"}],"version-history":[{"count":12,"href":"https:\/\/www.techouseinformatica.com.br\/site_wp\/wp-json\/wp\/v2\/pages\/347\/revisions"}],"predecessor-version":[{"id":590,"href":"https:\/\/www.techouseinformatica.com.br\/site_wp\/wp-json\/wp\/v2\/pages\/347\/revisions\/590"}],"wp:attachment":[{"href":"https:\/\/www.techouseinformatica.com.br\/site_wp\/wp-json\/wp\/v2\/media?parent=347"}],"curies":[{"name":"wp","href":"https:\/\/api.w.org\/{rel}","templated":true}]}}